{"id":1563,"date":"2018-11-26T03:32:52","date_gmt":"2018-11-26T03:32:52","guid":{"rendered":"https:\/\/carpelmin.com\/contact\/"},"modified":"2025-05-30T15:26:49","modified_gmt":"2025-05-30T15:26:49","slug":"contact","status":"publish","type":"page","link":"https:\/\/carpelmin.com\/en\/contact\/","title":{"rendered":"Contact"},"content":{"rendered":"<p>[et_pb_section fb_built=&#8221;1&#8243; _builder_version=&#8221;4.14.8&#8243; use_background_color_gradient=&#8221;on&#8221; background_color_gradient_start=&#8221;rgba(0,102,0,0.5)&#8221; background_color_gradient_end=&#8221;rgba(0,102,0,0.5)&#8221; background_color_gradient_overlays_image=&#8221;on&#8221; background_image=&#8221;https:\/\/carpelmin.com\/wp-content\/uploads\/2025\/01\/Mapamundi.png&#8221; background_size=&#8221;contain&#8221; custom_padding=&#8221;||0px&#8221; animation_style=&#8221;slide&#8221; animation_direction=&#8221;top&#8221; border_width_bottom=&#8221;1px&#8221; border_color_bottom=&#8221;#006600&#8243; box_shadow_style=&#8221;preset3&#8243; global_colors_info=&#8221;{}&#8221;][et_pb_row _builder_version=&#8221;4.14.8&#8243; background_size=&#8221;initial&#8221; background_position=&#8221;top_left&#8221; background_repeat=&#8221;repeat&#8221; custom_margin=&#8221;10%||&#8221; global_colors_info=&#8221;{}&#8221;][et_pb_column type=&#8221;4_4&#8243; _builder_version=&#8221;3.0.47&#8243; custom_padding=&#8221;|||&#8221; global_colors_info=&#8221;{}&#8221; custom_padding__hover=&#8221;|||&#8221;][et_pb_text _builder_version=&#8221;3.27.4&#8243; text_text_color=&#8221;#ffffff&#8221; text_font_size=&#8221;26px&#8221; header_2_font=&#8221;|700|||||||&#8221; header_2_text_align=&#8221;left&#8221; header_2_text_color=&#8221;#ffffff&#8221; header_2_font_size=&#8221;32px&#8221; header_2_font_size_tablet=&#8221;&#8221; header_2_font_size_phone=&#8221;26px&#8221; header_2_font_size_last_edited=&#8221;on|phone&#8221; text_text_shadow_style=&#8221;preset1&#8243; header_2_text_shadow_style=&#8221;preset1&#8243; global_colors_info=&#8221;{}&#8221;]<\/p>\n<h2>Sample locations<\/h2>\n<p>[\/et_pb_text][\/et_pb_column][\/et_pb_row][\/et_pb_section][et_pb_section fb_built=&#8221;1&#8243; _builder_version=&#8221;3.22&#8243; background_image=&#8221;https:\/\/carpelmin.com\/wp-content\/uploads\/2018\/11\/bg-cabecera3.png&#8221; background_size=&#8221;contain&#8221; background_position=&#8221;center_left&#8221; global_colors_info=&#8221;{}&#8221;][et_pb_row column_structure=&#8221;1_2,1_2&#8243; _builder_version=&#8221;3.25&#8243; background_size=&#8221;initial&#8221; background_position=&#8221;top_left&#8221; background_repeat=&#8221;repeat&#8221; global_colors_info=&#8221;{}&#8221;][et_pb_column type=&#8221;1_2&#8243; _builder_version=&#8221;3.0.47&#8243; custom_padding=&#8221;|||&#8221; global_colors_info=&#8221;{}&#8221; custom_padding__hover=&#8221;|||&#8221;][et_pb_blurb title=&#8221;Spain&#8221; image=&#8221;https:\/\/carpelmin.com\/wp-content\/uploads\/2025\/01\/Barcelona_optimized.jpg&#8221; image_icon_width=&#8221;60%&#8221; _builder_version=&#8221;4.14.8&#8243; body_font_size=&#8221;12px&#8221; body_line_height=&#8221;1em&#8221; text_orientation=&#8221;center&#8221; child_filter_saturate=&#8221;0%&#8221; animation_style=&#8221;slide&#8221; border_color_all_image=&#8221;#ffffff&#8221; box_shadow_style_image=&#8221;preset3&#8243; box_shadow_vertical_image=&#8221;8px&#8221; image_max_width=&#8221;60%&#8221; global_colors_info=&#8221;{}&#8221; child_filter_saturate__hover_enabled=&#8221;on&#8221; child_filter_saturate__hover=&#8221;100%&#8221; border_color_all__hover_enabled=&#8221;on&#8221; border_color_all_image__hover_enabled=&#8221;on&#8221; border_color_all_image__hover=&#8221;rgba(0,102,0,0.3)&#8221;]<\/p>\n<p>C\/Miquel Torell\u00f3 i Pag\u00e8s, n\u00ba29<br \/>Pol\u00edgono Industrial el Pla<br \/>08750 &#8211; Molins de Rei<\/p>\n<p>Barcelona<\/p>\n<p>Tel.: <span style=\"color: #006600;\">(+34) 93 673 16 20<\/span><\/p>\n<p>[\/et_pb_blurb][et_pb_button button_url=&#8221;https:\/\/maps.app.goo.gl\/85eNVVt2a22P7Mg89&#8243; url_new_window=&#8221;on&#8221; button_text=&#8221;View Map&#8221; button_alignment=&#8221;center&#8221; _builder_version=&#8221;4.14.8&#8243; custom_button=&#8221;on&#8221; button_text_size=&#8221;14px&#8221; button_font=&#8221;||||||||&#8221; button_use_icon=&#8221;off&#8221; box_shadow_style=&#8221;preset3&#8243; global_colors_info=&#8221;{}&#8221; button_bg_color__hover_enabled=&#8221;on&#8221; button_border_color__hover_enabled=&#8221;on&#8221; button_border_color__hover=&#8221;#ffffff&#8221;][\/et_pb_button][et_pb_divider color=&#8221;#dddddd&#8221; divider_position=&#8221;center&#8221; _builder_version=&#8221;3.17.6&#8243; max_width=&#8221;60%&#8221; module_alignment=&#8221;center&#8221; height=&#8221;5px&#8221; custom_margin=&#8221;|-1px||||&#8221; global_colors_info=&#8221;{}&#8221;][\/et_pb_divider][et_pb_blurb title=&#8221;Spain&#8221; image=&#8221;https:\/\/carpelmin.com\/wp-content\/uploads\/2018\/11\/sede-zaragoza.jpg&#8221; image_icon_width=&#8221;60%&#8221; _builder_version=&#8221;4.14.8&#8243; body_font_size=&#8221;12px&#8221; body_line_height=&#8221;1em&#8221; text_orientation=&#8221;center&#8221; child_filter_saturate=&#8221;0%&#8221; animation_style=&#8221;slide&#8221; border_color_all_image=&#8221;#ffffff&#8221; box_shadow_style_image=&#8221;preset3&#8243; box_shadow_vertical_image=&#8221;8px&#8221; image_max_width=&#8221;60%&#8221; global_colors_info=&#8221;{}&#8221; child_filter_saturate__hover_enabled=&#8221;on&#8221; child_filter_saturate__hover=&#8221;100%&#8221; border_color_all_image__hover_enabled=&#8221;on&#8221; border_color_all_image__hover=&#8221;rgba(0,102,0,0.3)&#8221;]<\/p>\n<p>Carretera de Logro\u00f1o Km 8.3<br \/>Pol\u00edgono el Olivar Nave 8<br \/>50011 &#8211; Zaragoza<\/p>\n<p>Zaragoza<\/p>\n<p>Phone: <span style=\"color: #006600;\">(+34) 692 49 27 33<\/span><\/p>\n<p>[\/et_pb_blurb][et_pb_button button_url=&#8221;https:\/\/goo.gl\/maps\/7Ls7mNnph7t&#8221; url_new_window=&#8221;on&#8221; button_text=&#8221;View Map&#8221; button_alignment=&#8221;center&#8221; _builder_version=&#8221;4.14.8&#8243; custom_button=&#8221;on&#8221; button_text_size=&#8221;14px&#8221; button_font=&#8221;||||||||&#8221; button_use_icon=&#8221;off&#8221; box_shadow_style=&#8221;preset3&#8243; global_colors_info=&#8221;{}&#8221; button_border_color__hover_enabled=&#8221;on&#8221; button_border_color__hover=&#8221;#ffffff&#8221;][\/et_pb_button][et_pb_divider color=&#8221;#dddddd&#8221; divider_position=&#8221;center&#8221; _builder_version=&#8221;3.17.6&#8243; max_width=&#8221;60%&#8221; module_alignment=&#8221;center&#8221; height=&#8221;5px&#8221; custom_margin=&#8221;|-1px||||&#8221; global_colors_info=&#8221;{}&#8221;][\/et_pb_divider][\/et_pb_column][et_pb_column type=&#8221;1_2&#8243; _builder_version=&#8221;3.0.47&#8243; custom_padding=&#8221;|||&#8221; global_colors_info=&#8221;{}&#8221; custom_padding__hover=&#8221;|||&#8221;][et_pb_blurb title=&#8221;China&#8221; image=&#8221;https:\/\/carpelmin.com\/wp-content\/uploads\/2025\/01\/China_optimized.jpg&#8221; image_icon_width=&#8221;61%&#8221; _builder_version=&#8221;4.14.8&#8243; body_font_size=&#8221;12px&#8221; body_line_height=&#8221;1em&#8221; text_orientation=&#8221;center&#8221; custom_margin=&#8221;||14px|||&#8221; custom_padding=&#8221;||0px|||&#8221; child_filter_saturate=&#8221;0%&#8221; animation_style=&#8221;slide&#8221; border_color_all_image=&#8221;#ffffff&#8221; box_shadow_style_image=&#8221;preset3&#8243; box_shadow_vertical_image=&#8221;8px&#8221; image_max_width=&#8221;60%&#8221; global_colors_info=&#8221;{}&#8221; child_filter_saturate__hover_enabled=&#8221;on&#8221; child_filter_saturate__hover=&#8221;100%&#8221; border_color_all_image__hover_enabled=&#8221;on&#8221; border_color_all_image__hover=&#8221;rgba(0,102,0,0.3)&#8221;]<\/p>\n<p>1-2\/F, Building 6, No. 32<br \/>Chuangye 1st. road, Mulun<br \/>Changping Town <\/p>\n<p>Dongguan<\/p>\n<p>Tel: <span style=\"color: #006600;\">(+86) 13798375412<\/span><\/p>\n<p><span style=\"color: #006600;\"><\/span><\/p>\n<p>[\/et_pb_blurb][et_pb_button button_url=&#8221;https:\/\/goo.gl\/maps\/zTgwL6SFh2u&#8221; url_new_window=&#8221;on&#8221; button_text=&#8221;View Map&#8221; button_alignment=&#8221;center&#8221; _builder_version=&#8221;4.14.8&#8243; custom_button=&#8221;on&#8221; button_text_size=&#8221;14px&#8221; button_font=&#8221;||||||||&#8221; button_use_icon=&#8221;off&#8221; box_shadow_style=&#8221;preset3&#8243; global_colors_info=&#8221;{}&#8221; button_bg_color__hover_enabled=&#8221;on&#8221; button_border_color__hover_enabled=&#8221;on&#8221; button_border_color__hover=&#8221;#ffffff&#8221;][\/et_pb_button][et_pb_divider color=&#8221;#dddddd&#8221; divider_position=&#8221;center&#8221; _builder_version=&#8221;3.17.6&#8243; max_width=&#8221;60%&#8221; module_alignment=&#8221;center&#8221; height=&#8221;5px&#8221; custom_margin=&#8221;|-1px||||&#8221; global_colors_info=&#8221;{}&#8221;][\/et_pb_divider][et_pb_blurb title=&#8221;Mexico&#8221; image=&#8221;https:\/\/carpelmin.com\/wp-content\/uploads\/2025\/01\/M\u00e9xico-1.png&#8221; image_icon_width=&#8221;83%&#8221; _builder_version=&#8221;4.14.8&#8243; body_font_size=&#8221;12px&#8221; body_line_height=&#8221;1em&#8221; text_orientation=&#8221;center&#8221; child_filter_saturate=&#8221;0%&#8221; animation_style=&#8221;slide&#8221; border_color_all_image=&#8221;#ffffff&#8221; box_shadow_style_image=&#8221;preset3&#8243; box_shadow_vertical_image=&#8221;8px&#8221; image_max_width=&#8221;60%&#8221; global_colors_info=&#8221;{}&#8221; child_filter_saturate__hover_enabled=&#8221;on&#8221; child_filter_saturate__hover=&#8221;100%&#8221; border_color_all__hover_enabled=&#8221;on&#8221; border_color_all_image__hover_enabled=&#8221;on&#8221; border_color_all_image__hover=&#8221;rgba(0,102,0,0.3)&#8221;]<\/p>\n<p>C\/Agua dulce N\u00ba201 San Pedrito<br \/>Pol\u00edgono Industrial el Pla<br \/>45625 &#8211; San Pedro, Tlaqueapaque<\/p>\n<p>Jalisco<\/p>\n<p>Tel.: <span style=\"color: #006600;\">(+52) 6621337392<\/span><\/p>\n<p>[\/et_pb_blurb][et_pb_button button_url=&#8221;https:\/\/maps.app.goo.gl\/2stczs4wqrQWSf4M8&#8243; url_new_window=&#8221;on&#8221; button_text=&#8221;View Map&#8221; button_alignment=&#8221;center&#8221; _builder_version=&#8221;4.14.8&#8243; custom_button=&#8221;on&#8221; button_text_size=&#8221;14px&#8221; button_font=&#8221;||||||||&#8221; button_use_icon=&#8221;off&#8221; box_shadow_style=&#8221;preset3&#8243; global_colors_info=&#8221;{}&#8221; button_bg_color__hover_enabled=&#8221;on&#8221; button_border_color__hover_enabled=&#8221;on&#8221; button_border_color__hover=&#8221;#ffffff&#8221;][\/et_pb_button][et_pb_divider color=&#8221;#dddddd&#8221; divider_position=&#8221;center&#8221; _builder_version=&#8221;3.17.6&#8243; max_width=&#8221;60%&#8221; module_alignment=&#8221;center&#8221; height=&#8221;5px&#8221; global_colors_info=&#8221;{}&#8221;][\/et_pb_divider][\/et_pb_column][\/et_pb_row][\/et_pb_section][et_pb_section fb_built=&#8221;1&#8243; _builder_version=&#8221;3.22&#8243; background_image=&#8221;https:\/\/carpelmin.com\/wp-content\/uploads\/2018\/11\/bg-call.jpg&#8221; parallax=&#8221;on&#8221; custom_padding=&#8221;10vh||10vh||true&#8221; global_colors_info=&#8221;{}&#8221;][et_pb_row _builder_version=&#8221;4.14.8&#8243; global_colors_info=&#8221;{}&#8221;][et_pb_column type=&#8221;4_4&#8243; _builder_version=&#8221;3.0.47&#8243; custom_padding=&#8221;|||&#8221; global_colors_info=&#8221;{}&#8221; custom_padding__hover=&#8221;|||&#8221;][et_pb_text _builder_version=&#8221;3.27.4&#8243; header_font=&#8221;||||||||&#8221; header_3_font=&#8221;||||||||&#8221; header_3_text_align=&#8221;center&#8221; header_3_text_color=&#8221;#ffffff&#8221; header_3_font_size=&#8221;32px&#8221; animation_style=&#8221;zoom&#8221; global_colors_info=&#8221;{}&#8221;]<\/p>\n<h3>Presence in Europe, Asia and America<\/h3>\n<h3>allows us to provide global service to our customers.<\/h3>\n<p>&nbsp;<\/p>\n<h3><\/h3>\n<h3>If you would like more information, please do not hesitate to contact us.<\/h3>\n<p>&nbsp;<\/p>\n<p>[\/et_pb_text][\/et_pb_column][\/et_pb_row][\/et_pb_section][et_pb_section fb_built=&#8221;1&#8243; module_id=&#8221;contact-form&#8221; _builder_version=&#8221;3.22&#8243; global_colors_info=&#8221;{}&#8221;][et_pb_row column_structure=&#8221;1_2,1_2&#8243; _builder_version=&#8221;3.25&#8243; global_colors_info=&#8221;{}&#8221;][et_pb_column type=&#8221;1_2&#8243; _builder_version=&#8221;3.0.47&#8243; custom_padding=&#8221;|||&#8221; global_colors_info=&#8221;{}&#8221; custom_padding__hover=&#8221;|||&#8221;][et_pb_text _builder_version=&#8221;3.27.4&#8243; width=&#8221;80%&#8221; max_width=&#8221;1080px&#8221; global_colors_info=&#8221;{}&#8221;]<\/p>\n<p>\nRESPONSIBLE: The company Carpel Min, SL, with registered office at C\/ Miquel Torell\u00f3 i Pag\u00e8s 29, Pol\u00edgono Industrial El Pla, 08750 Molins de Rei, Barcelona.<\/p>\n<p>PURPOSE: The collection and processing of data for the purpose requested in this form, which is to manage a job vacancy in the company.<\/p>\n<p>LEGITIMACY: Consent given by the interested party when filling in the form.<\/p>\n<p>RECIPIENTS: The form data will be sent to the email info@carpel.es, which is located in the servers of Hostgator.com (hosting provider of carpelmin.com and carpel.es), located in the USA. See Hostgator&#8217;s privacy policy. <\/p>\n<p>You may exercise your rights of access, rectification, limitation and deletion of the data by contacting info@carpel.es, as well as complaining to the supervisory authority.<\/p>\n<p>[\/et_pb_text][\/et_pb_column][et_pb_column type=&#8221;1_2&#8243; _builder_version=&#8221;3.0.47&#8243; custom_padding=&#8221;|||&#8221; global_colors_info=&#8221;{}&#8221; custom_padding__hover=&#8221;|||&#8221;][et_pb_code _builder_version=&#8221;3.17.6&#8243; text_orientation=&#8221;left&#8221; width=&#8221;80%&#8221; max_width=&#8221;1080px&#8221; global_colors_info=&#8221;{}&#8221;]\n<div class=\"wpcf7 no-js\" id=\"wpcf7-f346-o1\" lang=\"es-ES\" dir=\"ltr\" data-wpcf7-id=\"346\">\n<div class=\"screen-reader-response\"><p role=\"status\" aria-live=\"polite\" aria-atomic=\"true\"><\/p> <ul><\/ul><\/div>\n<form action=\"\/en\/wp-json\/wp\/v2\/pages\/1563#wpcf7-f346-o1\" method=\"post\" class=\"wpcf7-form init\" aria-label=\"Formulario de contacto\" novalidate=\"novalidate\" data-status=\"init\">\n<div style=\"display: none;\">\n<input type=\"hidden\" name=\"_wpcf7\" value=\"346\" \/>\n<input type=\"hidden\" name=\"_wpcf7_version\" value=\"6.0.6\" \/>\n<input type=\"hidden\" name=\"_wpcf7_locale\" value=\"es_ES\" \/>\n<input type=\"hidden\" name=\"_wpcf7_unit_tag\" value=\"wpcf7-f346-o1\" \/>\n<input type=\"hidden\" name=\"_wpcf7_container_post\" value=\"0\" \/>\n<input type=\"hidden\" name=\"_wpcf7_posted_data_hash\" value=\"\" \/>\n<\/div>\n<p class=\"et_pb_contact_field\"><span class=\"wpcf7-form-control-wrap\" data-name=\"nombre\"><input size=\"40\" maxlength=\"400\" class=\"wpcf7-form-control wpcf7-text wpcf7-validates-as-required\" aria-required=\"true\" aria-invalid=\"false\" placeholder=\"Nombre *\" value=\"\" type=\"text\" name=\"nombre\" \/><\/span>\n<\/p>\n<p class=\"et_pb_contact_field\"><span class=\"wpcf7-form-control-wrap\" data-name=\"email\"><input size=\"40\" maxlength=\"400\" class=\"wpcf7-form-control wpcf7-email wpcf7-validates-as-required wpcf7-text wpcf7-validates-as-email\" aria-required=\"true\" aria-invalid=\"false\" placeholder=\"Correo electr\u00f3nico *\" value=\"\" type=\"email\" name=\"email\" \/><\/span>\n<\/p>\n<p class=\"et_pb_contact_field\"><span class=\"wpcf7-form-control-wrap\" data-name=\"empresa\"><input size=\"40\" maxlength=\"400\" class=\"wpcf7-form-control wpcf7-text\" aria-invalid=\"false\" placeholder=\"Empresa\" value=\"\" type=\"text\" name=\"empresa\" \/><\/span>\n<\/p>\n<p class=\"et_pb_contact_field\"><span class=\"wpcf7-form-control-wrap\" data-name=\"telefono\"><input size=\"40\" maxlength=\"400\" class=\"wpcf7-form-control wpcf7-text\" aria-invalid=\"false\" placeholder=\"Tel\u00e9fono\" value=\"\" type=\"text\" name=\"telefono\" \/><\/span>\n<\/p>\n<p class=\"et_pb_contact_field\"><span class=\"wpcf7-form-control-wrap\" data-name=\"mensaje\"><textarea cols=\"40\" rows=\"10\" maxlength=\"2000\" class=\"wpcf7-form-control wpcf7-textarea\" aria-invalid=\"false\" placeholder=\"Mensaje\" name=\"mensaje\"><\/textarea><\/span>\n<\/p>\n<p><span class=\"wpcf7-form-control-wrap\" data-name=\"confirmacion\"><span class=\"wpcf7-form-control wpcf7-checkbox wpcf7-validates-as-required\"><span class=\"wpcf7-list-item first last\"><input type=\"checkbox\" name=\"confirmacion[]\" value=\"Acepto\" \/><span class=\"wpcf7-list-item-label\">Acepto<\/span><\/span><\/span><\/span><a href=\"http:\/\/www.carpelmin.com\/aviso-legal\/\" target=\"_blank\"> la pol\u00edtica de privacidad.<\/a>\n<\/p>\n<div class=\"et_pb_contact_field codigo\">\n\t<p><input type=\"hidden\" name=\"_wpcf7_captcha_challenge_captcha\" value=\"3057159581\" \/><img loading=\"lazy\" decoding=\"async\" class=\"wpcf7-form-control wpcf7-captchac wpcf7-captcha-captcha\" width=\"72\" height=\"24\" alt=\"captcha\" src=\"https:\/\/carpelmin.com\/wp-content\/uploads\/wpcf7_captcha\/3057159581.png\" \/><span class=\"wpcf7-form-control-wrap\" data-name=\"captcha\"><input size=\"40\" class=\"wpcf7-form-control wpcf7-captchar\" autocomplete=\"off\" aria-invalid=\"false\" value=\"\" type=\"text\" name=\"captcha\" \/><\/span>\n\t<\/p>\n<\/div>\n<p><input class=\"wpcf7-form-control wpcf7-submit has-spinner et_pb_contact_submit et_pb_button\" type=\"submit\" value=\"Enviar\" \/><br \/>\n<div class=\"wpcf7-response-output\" aria-hidden=\"true\"><\/div>\n<\/p>\n<\/form>\n<\/div>\n[\/et_pb_code][\/et_pb_column][\/et_pb_row][\/et_pb_section][et_pb_section fb_built=&#8221;1&#8243; custom_padding_last_edited=&#8221;on|tablet&#8221; _builder_version=&#8221;3.16.1&#8243; background_color=&#8221;#333333&#8243; custom_padding=&#8221;0px||0px&#8221; custom_padding_tablet=&#8221;&#8221; custom_padding_phone=&#8221;&#8221; border_width_top=&#8221;3px&#8221; border_color_top=&#8221;#006600&#8243; border_width_bottom=&#8221;1px&#8221; border_color_bottom=&#8221;#ffffff&#8221; global_module=&#8221;748&#8243; global_colors_info=&#8221;{}&#8221;][et_pb_row column_structure=&#8221;1_6,1_6,1_6,1_6,1_6,1_6&#8243; _builder_version=&#8221;3.25&#8243; min_height=&#8221;180px&#8221; global_colors_info=&#8221;{}&#8221;][et_pb_column type=&#8221;1_6&#8243; _builder_version=&#8221;3.0.47&#8243; custom_padding=&#8221;|||&#8221; global_colors_info=&#8221;{}&#8221; custom_padding__hover=&#8221;|||&#8221;][et_pb_blurb use_icon=&#8221;on&#8221; font_icon=&#8221;&#x7d;||divi||400&#8243; image_icon_width=&#8221;32px&#8221; _builder_version=&#8221;4.14.8&#8243; body_text_align=&#8221;center&#8221; body_font_size=&#8221;12px&#8221; body_line_height=&#8221;0.5em&#8221; text_orientation=&#8221;center&#8221; background_layout=&#8221;dark&#8221; animation_style=&#8221;bounce&#8221; icon_font_size=&#8221;32px&#8221; global_colors_info=&#8221;{}&#8221;]<\/p>\n<p>Monday to Friday<\/p>\n<p>08:00h &#8211; 13:30h<\/p>\n<p>14:30h &#8211; 17:30h<\/p>\n<p>[\/et_pb_blurb][\/et_pb_column][et_pb_column type=&#8221;1_6&#8243; _builder_version=&#8221;3.0.47&#8243; custom_padding=&#8221;|||&#8221; global_colors_info=&#8221;{}&#8221; custom_padding__hover=&#8221;|||&#8221;][et_pb_blurb use_icon=&#8221;on&#8221; font_icon=&#8221;&#x77;||divi||400&#8243; image_icon_width=&#8221;32px&#8221; _builder_version=&#8221;4.14.8&#8243; body_text_align=&#8221;center&#8221; body_font_size=&#8221;12px&#8221; body_line_height=&#8221;0.5em&#8221; text_orientation=&#8221;center&#8221; background_layout=&#8221;dark&#8221; custom_padding=&#8221;|||0px||&#8221; animation_style=&#8221;bounce&#8221; icon_font_size=&#8221;32px&#8221; global_colors_info=&#8221;{}&#8221;]<\/p>\n<p>Tel. (+34) 93 673 16 20<\/p>\n<p><span style=\"color: #ffffff;\"><a href=\"mailto:info@carpel.es\" style=\"color: #ffffff;\">info@carpel.es<\/a><\/span><\/p>\n<p>&nbsp;<\/p>\n<p>[\/et_pb_blurb][\/et_pb_column][et_pb_column type=&#8221;1_6&#8243; _builder_version=&#8221;4.14.8&#8243; _module_preset=&#8221;default&#8221; global_colors_info=&#8221;{}&#8221;][et_pb_blurb use_icon=&#8221;on&#8221; font_icon=&#8221;&#xe081;||divi||400&#8243; image_icon_width=&#8221;32px&#8221; _builder_version=&#8221;4.13.0&#8243; body_text_align=&#8221;center&#8221; body_font_size=&#8221;12px&#8221; body_line_height=&#8221;0.5em&#8221; text_orientation=&#8221;center&#8221; background_layout=&#8221;dark&#8221; width=&#8221;100%&#8221; custom_padding=&#8221;|0px||||&#8221; animation_style=&#8221;bounce&#8221; link_option_url=&#8221;https:\/\/carpelmin.com\/contacto\/&#8221; z_index_tablet=&#8221;500&#8243; icon_font_size=&#8221;32px&#8221; global_colors_info=&#8221;{}&#8221;]<\/p>\n<p>Molins de rei<\/p>\n<p>BARCELONA<\/p>\n<p>SPAIN<\/p>\n<p>&nbsp;<\/p>\n<p>[\/et_pb_blurb][\/et_pb_column][et_pb_column type=&#8221;1_6&#8243; _builder_version=&#8221;4.14.8&#8243; _module_preset=&#8221;default&#8221; global_colors_info=&#8221;{}&#8221;][et_pb_blurb use_icon=&#8221;on&#8221; font_icon=&#8221;&#xe081;||divi||400&#8243; image_icon_width=&#8221;32px&#8221; _builder_version=&#8221;4.13.0&#8243; body_text_align=&#8221;center&#8221; body_font_size=&#8221;12px&#8221; body_line_height=&#8221;0.5em&#8221; text_orientation=&#8221;center&#8221; background_layout=&#8221;dark&#8221; custom_padding=&#8221;|||1px||&#8221; animation_style=&#8221;bounce&#8221; link_option_url=&#8221;https:\/\/carpelmin.com\/contacto\/&#8221; z_index_tablet=&#8221;500&#8243; icon_font_size=&#8221;32px&#8221; global_colors_info=&#8221;{}&#8221;]<\/p>\n<p>Utebo<\/p>\n<p>ZARAGOZA<\/p>\n<p>SPAIN<\/p>\n<p>&nbsp;<\/p>\n<p>[\/et_pb_blurb][\/et_pb_column][et_pb_column type=&#8221;1_6&#8243; _builder_version=&#8221;3.0.47&#8243; custom_padding=&#8221;|||&#8221; global_colors_info=&#8221;{}&#8221; custom_padding__hover=&#8221;|||&#8221;][et_pb_blurb use_icon=&#8221;on&#8221; font_icon=&#8221;&#xe081;||divi||400&#8243; image_icon_width=&#8221;32px&#8221; _builder_version=&#8221;4.13.0&#8243; body_text_align=&#8221;center&#8221; body_font_size=&#8221;12px&#8221; body_line_height=&#8221;0.5em&#8221; text_orientation=&#8221;center&#8221; background_layout=&#8221;dark&#8221; animation_style=&#8221;bounce&#8221; link_option_url=&#8221;https:\/\/carpelmin.com\/contacto\/&#8221; z_index_tablet=&#8221;500&#8243; icon_font_size=&#8221;32px&#8221; global_colors_info=&#8221;{}&#8221;]<\/p>\n<p>Dongguan<\/p>\n<p>GUANDONG<\/p>\n<p>CHINA<\/p>\n<p>&nbsp;<\/p>\n<p>[\/et_pb_blurb][\/et_pb_column][et_pb_column type=&#8221;1_6&#8243; _builder_version=&#8221;3.0.47&#8243; custom_padding=&#8221;|||&#8221; global_colors_info=&#8221;{}&#8221; custom_padding__hover=&#8221;|||&#8221;][et_pb_blurb use_icon=&#8221;on&#8221; font_icon=&#8221;&#xe081;||divi||400&#8243; image_icon_width=&#8221;32px&#8221; _builder_version=&#8221;4.13.0&#8243; body_text_align=&#8221;center&#8221; body_font_size=&#8221;12px&#8221; body_line_height=&#8221;0.5em&#8221; text_orientation=&#8221;center&#8221; background_layout=&#8221;dark&#8221; animation_style=&#8221;bounce&#8221; link_option_url=&#8221;https:\/\/carpelmin.com\/contacto\/&#8221; z_index_tablet=&#8221;500&#8243; icon_font_size=&#8221;32px&#8221; global_colors_info=&#8221;{}&#8221;]<\/p>\n<p>San Pedro<\/p>\n<p>JALISCO<\/p>\n<p>MEXICO<\/p>\n<p>[\/et_pb_blurb][\/et_pb_column][\/et_pb_row][\/et_pb_section]<\/p>\n","protected":false},"excerpt":{"rendered":"<p>Sample locations C\/Miquel Torell\u00f3 i Pag\u00e8s, n\u00ba29Pol\u00edgono Industrial el Pla08750 &#8211; Molins de Rei Barcelona Tel.: (+34) 93 673 16 20 Carretera de Logro\u00f1o Km 8.3Pol\u00edgono el Olivar Nave 850011 &#8211; Zaragoza Zaragoza Phone: (+34) 692 49 27 33 1-2\/F, Building 6, No. 32Chuangye 1st. road, MulunChangping Town Dongguan Tel: (+86) 13798375412 C\/Agua dulce N\u00ba201 [&hellip;]<\/p>\n","protected":false},"author":1,"featured_media":0,"parent":0,"menu_order":0,"comment_status":"closed","ping_status":"closed","template":"","meta":{"_et_pb_use_builder":"on","_et_pb_old_content":"","_et_gb_content_width":"","footnotes":""},"class_list":["post-1563","page","type-page","status-publish","hentry"],"_links":{"self":[{"href":"https:\/\/carpelmin.com\/en\/wp-json\/wp\/v2\/pages\/1563","targetHints":{"allow":["GET"]}}],"collection":[{"href":"https:\/\/carpelmin.com\/en\/wp-json\/wp\/v2\/pages"}],"about":[{"href":"https:\/\/carpelmin.com\/en\/wp-json\/wp\/v2\/types\/page"}],"author":[{"embeddable":true,"href":"https:\/\/carpelmin.com\/en\/wp-json\/wp\/v2\/users\/1"}],"replies":[{"embeddable":true,"href":"https:\/\/carpelmin.com\/en\/wp-json\/wp\/v2\/comments?post=1563"}],"version-history":[{"count":2,"href":"https:\/\/carpelmin.com\/en\/wp-json\/wp\/v2\/pages\/1563\/revisions"}],"predecessor-version":[{"id":1565,"href":"https:\/\/carpelmin.com\/en\/wp-json\/wp\/v2\/pages\/1563\/revisions\/1565"}],"wp:attachment":[{"href":"https:\/\/carpelmin.com\/en\/wp-json\/wp\/v2\/media?parent=1563"}],"curies":[{"name":"wp","href":"https:\/\/api.w.org\/{rel}","templated":true}]}}